{"id":1213,"date":"2024-05-01T01:52:47","date_gmt":"2024-05-01T01:52:47","guid":{"rendered":"https:\/\/itconsultoria.com.mx\/index.php\/producto\/aspel-noi-semestral\/"},"modified":"2024-06-04T03:48:12","modified_gmt":"2024-06-04T03:48:12","slug":"aspel-noi","status":"publish","type":"product","link":"https:\/\/itconsultoria.com.mx\/index.php\/producto\/aspel-noi\/","title":{"rendered":"Aspel NOI"},"content":{"rendered":"<h3>Sistema Aspel NOI 11.0, 99 Empresas.<\/h3>\n<p>Con aspel NOI 11 , podemos tener funciones como son:<\/p>\n<ul>\n<li>Nuevo tablero de indicadores<\/li>\n<li style=\"font-weight: 400;\" aria-level=\"1\"><span style=\"font-weight: 400;\">Nuevas opciones para blindar la informaci\u00f3n de la n\u00f3mina (Cierre total de N\u00f3mina &#8211; Congelamiento de recibo de N\u00f3mina).<\/span><\/li>\n<li style=\"font-weight: 400;\" aria-level=\"1\"><span style=\"font-weight: 400;\">Avisos de suspensi\u00f3n\/reanudaci\u00f3n de trabajadores para el SAT<\/span><\/li>\n<li style=\"font-weight: 400;\" aria-level=\"1\"><span style=\"font-weight: 400;\">Descarga masiva de CFDIs de N\u00f3mina desde el SAT, para realizar conciliaciones.<\/span><\/li>\n<li style=\"font-weight: 400;\" aria-level=\"1\"><span style=\"font-weight: 400;\">Administra la informaci\u00f3n de todos tus colaboradores desde el potente panel N\u00f3mina del trabajador.<\/span><\/li>\n<li style=\"font-weight: 400;\" aria-level=\"1\"><span style=\"font-weight: 400;\">Entre otras funciones<\/span><\/li>\n<\/ul>\n","protected":false},"excerpt":{"rendered":"<h3>Sistema Aspel NOI 11.0, 99 Empresas.<\/h3>\n<p><span style=\"font-weight: 400;\">Con aspel NOI 11, Automatiza la generaci\u00f3n de la n\u00f3mina y cumple con disposiciones fiscales en tema de CFDI de n\u00f3mina con facilidad. Tambi\u00e9n puedes calcular con exactitud las percepciones y deducciones de los trabajadores, ya con el decreto del subsidio al empleo 2024.<\/span><\/p>\n","protected":false},"featured_media":1449,"comment_status":"open","ping_status":"closed","template":"","meta":[],"product_brand":[],"product_cat":[24],"product_tag":[26,27],"class_list":{"0":"post-1213","1":"product","2":"type-product","3":"status-publish","4":"has-post-thumbnail","6":"product_cat-software","7":"product_tag-administrativo","8":"product_tag-suscripcion-semestral","10":"first","11":"instock","12":"shipping-taxable","13":"purchasable","14":"product-type-variable"},"_links":{"self":[{"href":"https:\/\/itconsultoria.com.mx\/index.php\/wp-json\/wp\/v2\/product\/1213","targetHints":{"allow":["GET"]}}],"collection":[{"href":"https:\/\/itconsultoria.com.mx\/index.php\/wp-json\/wp\/v2\/product"}],"about":[{"href":"https:\/\/itconsultoria.com.mx\/index.php\/wp-json\/wp\/v2\/types\/product"}],"replies":[{"embeddable":true,"href":"https:\/\/itconsultoria.com.mx\/index.php\/wp-json\/wp\/v2\/comments?post=1213"}],"wp:featuredmedia":[{"embeddable":true,"href":"https:\/\/itconsultoria.com.mx\/index.php\/wp-json\/wp\/v2\/media\/1449"}],"wp:attachment":[{"href":"https:\/\/itconsultoria.com.mx\/index.php\/wp-json\/wp\/v2\/media?parent=1213"}],"wp:term":[{"taxonomy":"product_brand","embeddable":true,"href":"https:\/\/itconsultoria.com.mx\/index.php\/wp-json\/wp\/v2\/product_brand?post=1213"},{"taxonomy":"product_cat","embeddable":true,"href":"https:\/\/itconsultoria.com.mx\/index.php\/wp-json\/wp\/v2\/product_cat?post=1213"},{"taxonomy":"product_tag","embeddable":true,"href":"https:\/\/itconsultoria.com.mx\/index.php\/wp-json\/wp\/v2\/product_tag?post=1213"}],"curies":[{"name":"wp","href":"https:\/\/api.w.org\/{rel}","templated":true}]}}