{"id":1223,"date":"2024-05-01T01:52:50","date_gmt":"2024-05-01T01:52:50","guid":{"rendered":"https:\/\/itconsultoria.com.mx\/index.php\/producto\/aspel-prod-anual\/"},"modified":"2024-11-08T00:14:52","modified_gmt":"2024-11-08T00:14:52","slug":"aspel-prod","status":"publish","type":"product","link":"https:\/\/itconsultoria.com.mx\/index.php\/producto\/aspel-prod\/","title":{"rendered":"Aspel Prod"},"content":{"rendered":"<h3>Sistema Aspel Prod 5.0<\/h3>\n<div class=\"page\" title=\"Page 2\">\n<div class=\"section\">\n<div class=\"layoutArea\">\n<div class=\"column\">\n<p>Con Aspel PROD dotas a tu empresa de tecnologi\u0301a avanzada para implementar mejoras como:<\/p>\n<p>&nbsp;<\/p>\n<\/div>\n<\/div>\n<\/div>\n<\/div>\n<p>&nbsp;<\/p>\n","protected":false},"excerpt":{"rendered":"<h3>Sistema Aspel Prod<\/h3>\n<p>Obt\u00e9n todo la funcionalidad de un sistema de producci\u00f3n para tu planta, con el podr\u00e1s planear y controlar los procesos de fabricaci\u00f3n asegurando la optima gesti\u00f3n de stock y costos de los productos terminados<\/p>\n","protected":false},"featured_media":1433,"comment_status":"open","ping_status":"closed","template":"","meta":[],"product_brand":[],"product_cat":[24],"product_tag":[26,28],"class_list":{"0":"post-1223","1":"product","2":"type-product","3":"status-publish","4":"has-post-thumbnail","6":"product_cat-software","7":"product_tag-administrativo","8":"product_tag-suscripcion-anual","10":"first","11":"instock","12":"shipping-taxable","13":"purchasable","14":"product-type-variable"},"_links":{"self":[{"href":"https:\/\/itconsultoria.com.mx\/index.php\/wp-json\/wp\/v2\/product\/1223","targetHints":{"allow":["GET"]}}],"collection":[{"href":"https:\/\/itconsultoria.com.mx\/index.php\/wp-json\/wp\/v2\/product"}],"about":[{"href":"https:\/\/itconsultoria.com.mx\/index.php\/wp-json\/wp\/v2\/types\/product"}],"replies":[{"embeddable":true,"href":"https:\/\/itconsultoria.com.mx\/index.php\/wp-json\/wp\/v2\/comments?post=1223"}],"wp:featuredmedia":[{"embeddable":true,"href":"https:\/\/itconsultoria.com.mx\/index.php\/wp-json\/wp\/v2\/media\/1433"}],"wp:attachment":[{"href":"https:\/\/itconsultoria.com.mx\/index.php\/wp-json\/wp\/v2\/media?parent=1223"}],"wp:term":[{"taxonomy":"product_brand","embeddable":true,"href":"https:\/\/itconsultoria.com.mx\/index.php\/wp-json\/wp\/v2\/product_brand?post=1223"},{"taxonomy":"product_cat","embeddable":true,"href":"https:\/\/itconsultoria.com.mx\/index.php\/wp-json\/wp\/v2\/product_cat?post=1223"},{"taxonomy":"product_tag","embeddable":true,"href":"https:\/\/itconsultoria.com.mx\/index.php\/wp-json\/wp\/v2\/product_tag?post=1223"}],"curies":[{"name":"wp","href":"https:\/\/api.w.org\/{rel}","templated":true}]}}