{"id":1244,"date":"2024-05-03T02:06:37","date_gmt":"2024-05-03T02:06:37","guid":{"rendered":"https:\/\/itconsultoria.com.mx\/index.php\/producto\/siigo-nube-gestion-premium-semestral\/"},"modified":"2024-06-04T03:24:27","modified_gmt":"2024-06-04T03:24:27","slug":"siigo-nube-gestion-premium","status":"publish","type":"product","link":"https:\/\/itconsultoria.com.mx\/index.php\/producto\/siigo-nube-gestion-premium\/","title":{"rendered":"Siigo Nube Gesti\u00f3n Premium"},"content":{"rendered":"<p>&nbsp;<\/p>\n<p>Sistema Administrativo en la Nube, Siigo Gesti\u00f3n Premium para la empresa que comienza\u00a0 y requieren una b\u00e1sica carga de operaci\u00f3n<\/p>\n<ul>\n<li><span class=\"flex-grow-1\">2 usuarios<\/span><\/li>\n<li><span class=\"flex-grow-1\">1 Almac\u00e9n<\/span><\/li>\n<li><span class=\"flex-grow-1\">Timbrado ilimitado<\/span><\/li>\n<li><span class=\"flex-grow-1\">Prefacturas<\/span><i class=\"fa fa-question-circle text-siigo-blue mt-1 ms-3 feature-popover\"><\/i><i class=\"fa fa-check check-valid me-3 mt-1\"><\/i><\/li>\n<li><span class=\"flex-grow-1\">Cotizaciones\/Seguimiento comercial<\/span><i class=\"fa fa-question-circle text-siigo-blue mt-1 ms-3 feature-popover\"><\/i><i class=\"fa fa-check check-valid me-3 mt-1\"><\/i><\/li>\n<li><span class=\"flex-grow-1\">Cuentas por cobrar\/Seguimiento cobranza<\/span><i class=\"fa fa-question-circle text-siigo-blue mt-1 ms-3 feature-popover\"><\/i><i class=\"fa fa-check check-valid me-3 mt-1\"><\/i><\/li>\n<li><span class=\"flex-grow-1\">Gastos\/Cuentas por pagar<\/span><i class=\"fa fa-question-circle text-siigo-blue mt-1 ms-3 feature-popover\"><\/i><i class=\"fa fa-check check-valid me-3 mt-1\"><\/i><\/li>\n<li><span class=\"flex-grow-1\">Conteo f\u00edsico<\/span><i class=\"fa fa-question-circle text-siigo-blue mt-1 ms-3 feature-popover\"><\/i><i class=\"fa fa-check check-valid me-3 mt-1\"><\/i><\/li>\n<li><span class=\"flex-grow-1\">Remisiones y kardex<\/span><i class=\"fa fa-question-circle text-siigo-blue mt-1 ms-3 feature-popover\"><\/i><i class=\"fa fa-check check-valid me-3 mt-1\"><\/i><\/li>\n<li><span class=\"flex-grow-1\">Costeo<\/span><i class=\"fa fa-question-circle text-siigo-blue mt-1 ms-3 feature-popover\"><\/i><i class=\"fa fa-check check-valid me-3 mt-1\"><\/i><\/li>\n<li><span class=\"flex-grow-1\">Centro de costos<\/span><\/li>\n<li>Notas de ensamble<\/li>\n<li>ordenes de compra<\/li>\n<\/ul>\n","protected":false},"excerpt":{"rendered":"<h2><b>Beneficios de Siigo Nube Gesti\u00f3n Premium<\/b><\/h2>\n<p><span style=\"font-weight: 400;\">Software administrativo en la Nube para empresa en crecimiento con administraci\u00f3n cantable, ademas optimiza tus procesos y te ofrece los mejores soluciones en administraci\u00f3n de empresa para la micro y peque\u00f1a empresa con opciones centro de costos.<\/span><\/p>\n","protected":false},"featured_media":1383,"comment_status":"open","ping_status":"closed","template":"","meta":[],"product_brand":[],"product_cat":[24],"product_tag":[26,27],"class_list":{"0":"post-1244","1":"product","2":"type-product","3":"status-publish","4":"has-post-thumbnail","6":"product_cat-software","7":"product_tag-administrativo","8":"product_tag-suscripcion-semestral","10":"first","11":"instock","12":"shipping-taxable","13":"purchasable","14":"product-type-variable"},"_links":{"self":[{"href":"https:\/\/itconsultoria.com.mx\/index.php\/wp-json\/wp\/v2\/product\/1244","targetHints":{"allow":["GET"]}}],"collection":[{"href":"https:\/\/itconsultoria.com.mx\/index.php\/wp-json\/wp\/v2\/product"}],"about":[{"href":"https:\/\/itconsultoria.com.mx\/index.php\/wp-json\/wp\/v2\/types\/product"}],"replies":[{"embeddable":true,"href":"https:\/\/itconsultoria.com.mx\/index.php\/wp-json\/wp\/v2\/comments?post=1244"}],"wp:featuredmedia":[{"embeddable":true,"href":"https:\/\/itconsultoria.com.mx\/index.php\/wp-json\/wp\/v2\/media\/1383"}],"wp:attachment":[{"href":"https:\/\/itconsultoria.com.mx\/index.php\/wp-json\/wp\/v2\/media?parent=1244"}],"wp:term":[{"taxonomy":"product_brand","embeddable":true,"href":"https:\/\/itconsultoria.com.mx\/index.php\/wp-json\/wp\/v2\/product_brand?post=1244"},{"taxonomy":"product_cat","embeddable":true,"href":"https:\/\/itconsultoria.com.mx\/index.php\/wp-json\/wp\/v2\/product_cat?post=1244"},{"taxonomy":"product_tag","embeddable":true,"href":"https:\/\/itconsultoria.com.mx\/index.php\/wp-json\/wp\/v2\/product_tag?post=1244"}],"curies":[{"name":"wp","href":"https:\/\/api.w.org\/{rel}","templated":true}]}}