{"id":1248,"date":"2024-05-03T02:06:38","date_gmt":"2024-05-03T02:06:38","guid":{"rendered":"https:\/\/itconsultoria.com.mx\/index.php\/producto\/siigo-nube-facturacion-anual\/"},"modified":"2024-06-04T03:15:39","modified_gmt":"2024-06-04T03:15:39","slug":"siigo-nube-facturacion","status":"publish","type":"product","link":"https:\/\/itconsultoria.com.mx\/index.php\/producto\/siigo-nube-facturacion\/","title":{"rendered":"Siigo Nube facturaci\u00f3n"},"content":{"rendered":"<p><span style=\"font-weight: 400;\">Sistema de facturaci\u00f3n en la nube, Siigo Facturaci\u00f3n para la empresa que comienza\u00a0 y requiere generar y cumplir con la facturaci\u00f3n electr\u00f3nica de una manera muy pr\u00e1ctica en la nube.<\/span><\/p>\n<ul>\n<li class=\"list-group-item text-dark-blue border-0 d-flex px-0\"><span class=\"flex-grow-1\">Multiusuario<\/span><i class=\"fa fa-question-circle text-siigo-blue mt-1 ms-3 feature-popover\"><\/i><\/li>\n<li class=\"list-group-item text-dark-blue border-0 d-flex px-0\"><i class=\"fa fa-check check-valid me-3 mt-1\"><\/i><span class=\"flex-grow-1\">Timbrado ilimitado<\/span><i class=\"fa fa-question-circle text-siigo-blue mt-1 ms-3 feature-popover\"><\/i><\/li>\n<li class=\"list-group-item text-dark-blue border-0 d-flex px-0\"><i class=\"fa fa-check check-valid me-3 mt-1\"><\/i><span class=\"flex-grow-1\">Comprobantes fiscales 4.0<\/span><i class=\"fa fa-question-circle text-siigo-blue mt-1 ms-3 feature-popover\"><\/i><\/li>\n<li class=\"list-group-item text-dark-blue border-0 d-flex px-0\"><i class=\"fa fa-check check-valid me-3 mt-1\"><\/i><span class=\"flex-grow-1\">Administraci\u00f3n clientes y productos<\/span><i class=\"fa fa-question-circle text-siigo-blue mt-1 ms-3 feature-popover\"><\/i><\/li>\n<li class=\"list-group-item text-dark-blue border-0 d-flex px-0\"><i class=\"fa fa-check check-valid me-3 mt-1\"><\/i><span class=\"flex-grow-1\">Manejo de impuestos<\/span><i class=\"fa fa-question-circle text-siigo-blue mt-1 ms-3 feature-popover\"><\/i><\/li>\n<li class=\"list-group-item text-dark-blue border-0 d-flex px-0\"><i class=\"fa fa-check check-valid me-3 mt-1\"><\/i><span class=\"flex-grow-1\">Cancelaci\u00f3n de comprobantes<\/span><i class=\"fa fa-question-circle text-siigo-blue mt-1 ms-3 feature-popover\"><\/i><\/li>\n<li class=\"list-group-item text-dark-blue border-0 d-flex px-0\"><i class=\"fa fa-check check-valid me-3 mt-1\"><\/i><span class=\"flex-grow-1\">Reportes<\/span><i class=\"fa fa-question-circle text-siigo-blue mt-1 ms-3 feature-popover\"><\/i><\/li>\n<li class=\"list-group-item text-dark-blue border-0 d-flex px-0\"><i class=\"fa fa-check check-valid me-3 mt-1\"><\/i><span class=\"flex-grow-1\">Notas de cr\u00e9dito<\/span><i class=\"fa fa-question-circle text-siigo-blue mt-1 ms-3 feature-popover\"><\/i><\/li>\n<li class=\"list-group-item text-dark-blue border-0 d-flex px-0\"><i class=\"fa fa-check check-valid me-3 mt-1\"><\/i><span class=\"flex-grow-1\">M\u00faltiples comprobantes y complementos<\/span><i class=\"fa fa-question-circle text-siigo-blue mt-1 ms-3 feature-popover\"><\/i><\/li>\n<li class=\"list-group-item text-dark-blue border-0 d-flex px-0\"><i class=\"fa fa-check check-valid me-3 mt-1\"><\/i><span class=\"flex-grow-1\">Complemento carta porte<\/span><i class=\"fa fa-question-circle text-siigo-blue mt-1 ms-3 feature-popover\"><\/i><\/li>\n<li class=\"list-group-item text-dark-blue border-0 d-flex px-0\"><i class=\"fa fa-check check-valid me-3 mt-1\"><\/i><span class=\"flex-grow-1\">Cotizaciones<\/span><i class=\"fa fa-question-circle text-siigo-blue mt-1 ms-3 feature-popover\"><\/i><\/li>\n<li class=\"list-group-item text-dark-blue border-0 d-flex px-0\"><i class=\"fa fa-check check-valid me-3 mt-1\"><\/i><span class=\"flex-grow-1\">Seguimiento comercial<\/span><i class=\"fa fa-question-circle text-siigo-blue mt-1 ms-3 feature-popover\"><\/i><\/li>\n<li class=\"list-group-item text-dark-blue border-0 d-flex px-0\"><i class=\"fa fa-check check-valid me-3 mt-1\"><\/i><span class=\"flex-grow-1\">Sistema en la nube<\/span><i class=\"fa fa-question-circle text-siigo-blue mt-1 ms-3 feature-popover\"><\/i><\/li>\n<li class=\"list-group-item text-dark-blue border-0 d-flex px-0\"><i class=\"fa fa-check check-valid me-3 mt-1\"><\/i><span class=\"flex-grow-1\">Prefacturas<\/span><\/li>\n<\/ul>\n","protected":false},"excerpt":{"rendered":"<h2><b>Beneficios de Siigo Facturaci\u00f3n<\/b><\/h2>\n<p><span style=\"font-weight: 400;\">Software administrativo en la Nube para realizar facturaci\u00f3n electr\u00f3nica en cualquier lugar de donde te encuentres, con servicios de timbrado ilimitado, sistema intuitivo y practico para las necesidad de cumplir con la obligaci\u00f3n de CFDI.<\/span><\/p>\n","protected":false},"featured_media":1395,"comment_status":"open","ping_status":"closed","template":"","meta":[],"product_brand":[],"product_cat":[24],"product_tag":[26,31,28],"class_list":{"0":"post-1248","1":"product","2":"type-product","3":"status-publish","4":"has-post-thumbnail","6":"product_cat-software","7":"product_tag-administrativo","8":"product_tag-facturacion","9":"product_tag-suscripcion-anual","11":"first","12":"instock","13":"shipping-taxable","14":"purchasable","15":"product-type-variable"},"_links":{"self":[{"href":"https:\/\/itconsultoria.com.mx\/index.php\/wp-json\/wp\/v2\/product\/1248","targetHints":{"allow":["GET"]}}],"collection":[{"href":"https:\/\/itconsultoria.com.mx\/index.php\/wp-json\/wp\/v2\/product"}],"about":[{"href":"https:\/\/itconsultoria.com.mx\/index.php\/wp-json\/wp\/v2\/types\/product"}],"replies":[{"embeddable":true,"href":"https:\/\/itconsultoria.com.mx\/index.php\/wp-json\/wp\/v2\/comments?post=1248"}],"wp:featuredmedia":[{"embeddable":true,"href":"https:\/\/itconsultoria.com.mx\/index.php\/wp-json\/wp\/v2\/media\/1395"}],"wp:attachment":[{"href":"https:\/\/itconsultoria.com.mx\/index.php\/wp-json\/wp\/v2\/media?parent=1248"}],"wp:term":[{"taxonomy":"product_brand","embeddable":true,"href":"https:\/\/itconsultoria.com.mx\/index.php\/wp-json\/wp\/v2\/product_brand?post=1248"},{"taxonomy":"product_cat","embeddable":true,"href":"https:\/\/itconsultoria.com.mx\/index.php\/wp-json\/wp\/v2\/product_cat?post=1248"},{"taxonomy":"product_tag","embeddable":true,"href":"https:\/\/itconsultoria.com.mx\/index.php\/wp-json\/wp\/v2\/product_tag?post=1248"}],"curies":[{"name":"wp","href":"https:\/\/api.w.org\/{rel}","templated":true}]}}